{"id":2370,"date":"2026-01-28T12:39:37","date_gmt":"2026-01-28T11:39:37","guid":{"rendered":"https:\/\/panic.pwr.edu.pl\/?page_id=2370"},"modified":"2026-03-02T23:57:11","modified_gmt":"2026-03-02T22:57:11","slug":"venues","status":"publish","type":"page","link":"https:\/\/panic.pwr.edu.pl\/index.php\/venues\/","title":{"rendered":"Venues"},"content":{"rendered":"\n<h2 class=\"wp-block-heading\">Conference venue: <\/h2>\n\n\n\n<p><a href=\"https:\/\/www.google.com\/maps\/place\/\/data=!4m2!3m1!1s0x470fc281cdc00001:0x23f468e50d9461de?sa=X&amp;ved=1t:8290&amp;ictx=111\">Wybrze\u017ce Stanis\u0142awa Wyspia\u0144skiego 40, 50-370 Wroc\u0142aw<\/a> (H-14 building)<\/p>\n\n\n\n<iframe src=\"https:\/\/www.google.com\/maps\/embed?pb=!1m18!1m12!1m3!1d2505.087251308966!2d17.058526376101945!3d51.10685033988628!2m3!1f0!2f0!3f0!3m2!1i1024!2i768!4f13.1!3m3!1m2!1s0x470fc281cdc00001%3A0x23f468e50d9461de!2sH-14%20Politechnika%20Wroc%C5%82awska!5e0!3m2!1spl!2spl!4v1772490341164!5m2!1spl!2spl\" width=\"600\" height=\"450\" style=\"border:0;\" allowfullscreen=\"\" loading=\"lazy\" referrerpolicy=\"no-referrer-when-downgrade\"><\/iframe>\n\n\n\n<h2 class=\"wp-block-heading\">Banquet on a boat:<\/h2>\n\n\n\n<p><a href=\"https:\/\/maps.app.goo.gl\/Uef2J8pfqBbee7dT6\" data-type=\"link\" data-id=\"https:\/\/maps.app.goo.gl\/Uef2J8pfqBbee7dT6\">bulwar Xawerego Dunikowskiego, 50-158 Wroc\u0142aw<\/a> (Ship Wratislavia)<\/p>\n\n\n\n<iframe src=\"https:\/\/www.google.com\/maps\/embed?pb=!1m14!1m8!1m3!1d1252.3655572854805!2d17.0403136!3d51.113421!3m2!1i1024!2i768!4f13.1!3m3!1m2!1s0x470fe9d84c572689%3A0xdfd0c8a510e8581e!2sStatek%20Wratislavia%20-%20restauracja%20%22Z%20NURTEM%22!5e0!3m2!1spl!2spl!4v1715728152551!5m2!1spl!2spl\" width=\"600\" height=\"450\" style=\"border:0;\" allowfullscreen=\"\" loading=\"lazy\" referrerpolicy=\"no-referrer-when-downgrade\"><\/iframe>\n","protected":false},"excerpt":{"rendered":"<p>Conference venue: Wybrze\u017ce Stanis\u0142awa Wyspia\u0144skiego 40, 50-370 Wroc\u0142aw (H-14 building) Banquet on a boat: bulwar Xawerego Dunikowskiego, 50-158 Wroc\u0142aw (Ship Wratislavia)<\/p>\n","protected":false},"author":1,"featured_media":0,"parent":0,"menu_order":0,"comment_status":"closed","ping_status":"closed","template":"","meta":{"footnotes":""},"_links":{"self":[{"href":"https:\/\/panic.pwr.edu.pl\/index.php\/wp-json\/wp\/v2\/pages\/2370"}],"collection":[{"href":"https:\/\/panic.pwr.edu.pl\/index.php\/wp-json\/wp\/v2\/pages"}],"about":[{"href":"https:\/\/panic.pwr.edu.pl\/index.php\/wp-json\/wp\/v2\/types\/page"}],"author":[{"embeddable":true,"href":"https:\/\/panic.pwr.edu.pl\/index.php\/wp-json\/wp\/v2\/users\/1"}],"replies":[{"embeddable":true,"href":"https:\/\/panic.pwr.edu.pl\/index.php\/wp-json\/wp\/v2\/comments?post=2370"}],"version-history":[{"count":6,"href":"https:\/\/panic.pwr.edu.pl\/index.php\/wp-json\/wp\/v2\/pages\/2370\/revisions"}],"predecessor-version":[{"id":2392,"href":"https:\/\/panic.pwr.edu.pl\/index.php\/wp-json\/wp\/v2\/pages\/2370\/revisions\/2392"}],"wp:attachment":[{"href":"https:\/\/panic.pwr.edu.pl\/index.php\/wp-json\/wp\/v2\/media?parent=2370"}],"curies":[{"name":"wp","href":"https:\/\/api.w.org\/{rel}","templated":true}]}}